{"id":125235,"date":"2024-09-23T17:22:40","date_gmt":"2024-09-23T15:22:40","guid":{"rendered":"https:\/\/www.gitarrentotal.ch\/?post_type=product&#038;p=125235"},"modified":"2024-09-23T17:38:09","modified_gmt":"2024-09-23T15:38:09","slug":"fender-stratocaster-59-candy-apple-red-heavy-relic","status":"publish","type":"product","link":"https:\/\/www.gitarrentotal.ch\/en\/product\/fender-stratocaster-59-candy-apple-red-heavy-relic\/","title":{"rendered":"Fender Stratocaster &#8217;59 Candy Apple Red Heavy Relic"},"content":{"rendered":"<p>Gitarren Total spec 1959 reissue Stratocaster made at the Fender Custom Shop.<\/p>\n<ul>\n<li>Handwound Texas Special Pickups<\/li>\n<li>Ash body<\/li>\n<li>Quarter Sawn Maple Neck with selected rosewood fretboard<\/li>\n<li>Custom built to our specifications &#8211; a unique Stratocaster<\/li>\n<\/ul>\n","protected":false},"excerpt":{"rendered":"<p>Gitarren Total spec 1959 reissue Stratocaster made at the Fender Custom Shop. Handwound Texas Special Pickups Ash body Quarter Sawn [&hellip;]<\/p>\n","protected":false},"featured_media":124907,"comment_status":"open","ping_status":"closed","template":"","meta":{"_acf_changed":false},"product_brand":[],"product_cat":[1826,1848,2279,2280,2731],"product_tag":[],"class_list":{"0":"post-125235","1":"product","2":"type-product","3":"status-publish","4":"has-post-thumbnail","6":"product_cat-guitars","7":"product_cat-e-guitars","8":"product_cat-fender-en","9":"product_cat-fender-stratocaster-en","10":"product_cat-fender-custom-shop-en","12":"first","13":"outofstock","14":"taxable","15":"shipping-taxable","16":"purchasable","17":"product-type-simple"},"acf":[],"yoast_head":"<!-- This site is optimized with the Yoast SEO plugin v26.9 - https:\/\/yoast.com\/product\/yoast-seo-wordpress\/ -->\n<title>Fender Stratocaster &#039;59 Candy Apple Red Heavy Relic - Gitarren Total<\/title>\n<meta name=\"description\" content=\"Eine unglaublich leichte, Gitarren Total spec Stratocaster aus dem Fender Custom Shop. Diese Mary Kaye style 1956 Reissue Strat besitzt einen Body aus extrem leichter Esche und einen Hals aus geflammten, quarter-sawn Ahorn. Mit einem Gewicht von nur knapp \u00fcber drei Kilogramm ist sie \u00e4usserst bequem zu spielen. Dank flachem Griffbrettradius von 9.5&quot; und Jumbo B\u00fcnden kann diese vintage-style fender wie eine moderne super-strat gespielt werden!\" \/>\n<meta name=\"robots\" content=\"index, follow, max-snippet:-1, max-image-preview:large, max-video-preview:-1\" \/>\n<link rel=\"canonical\" href=\"https:\/\/www.gitarrentotal.ch\/en\/product\/fender-stratocaster-59-candy-apple-red-heavy-relic\/\" \/>\n<meta property=\"og:locale\" content=\"en_US\" \/>\n<meta property=\"og:type\" content=\"article\" \/>\n<meta property=\"og:title\" content=\"Fender Stratocaster &#039;59 Candy Apple Red Heavy Relic - Gitarren Total\" \/>\n<meta property=\"og:description\" content=\"Eine unglaublich leichte, Gitarren Total spec Stratocaster aus dem Fender Custom Shop. Diese Mary Kaye style 1956 Reissue Strat besitzt einen Body aus extrem leichter Esche und einen Hals aus geflammten, quarter-sawn Ahorn. Mit einem Gewicht von nur knapp \u00fcber drei Kilogramm ist sie \u00e4usserst bequem zu spielen. Dank flachem Griffbrettradius von 9.5&quot; und Jumbo B\u00fcnden kann diese vintage-style fender wie eine moderne super-strat gespielt werden!\" \/>\n<meta property=\"og:url\" content=\"https:\/\/www.gitarrentotal.ch\/en\/product\/fender-stratocaster-59-candy-apple-red-heavy-relic\/\" \/>\n<meta property=\"og:site_name\" content=\"Gitarren Total\" \/>\n<meta property=\"article:modified_time\" content=\"2024-09-23T15:38:09+00:00\" \/>\n<meta property=\"og:image\" content=\"https:\/\/www.gitarrentotal.ch\/wp-content\/uploads\/2024\/09\/FenderStratocaster59CandyAppleRedHeavyRelic-1-scaled.jpg\" \/>\n\t<meta property=\"og:image:width\" content=\"2560\" \/>\n\t<meta property=\"og:image:height\" content=\"973\" \/>\n\t<meta property=\"og:image:type\" content=\"image\/jpeg\" \/>\n<meta name=\"twitter:card\" content=\"summary_large_image\" \/>\n<meta name=\"twitter:label1\" content=\"Est. reading time\" \/>\n\t<meta name=\"twitter:data1\" content=\"1 minute\" \/>\n<script type=\"application\/ld+json\" class=\"yoast-schema-graph\">{\"@context\":\"https:\/\/schema.org\",\"@graph\":[{\"@type\":\"WebPage\",\"@id\":\"https:\/\/www.gitarrentotal.ch\/en\/product\/fender-stratocaster-59-candy-apple-red-heavy-relic\/\",\"url\":\"https:\/\/www.gitarrentotal.ch\/en\/product\/fender-stratocaster-59-candy-apple-red-heavy-relic\/\",\"name\":\"Fender Stratocaster '59 Candy Apple Red Heavy Relic - Gitarren Total\",\"isPartOf\":{\"@id\":\"https:\/\/www.gitarrentotal.ch\/#website\"},\"primaryImageOfPage\":{\"@id\":\"https:\/\/www.gitarrentotal.ch\/en\/product\/fender-stratocaster-59-candy-apple-red-heavy-relic\/#primaryimage\"},\"image\":{\"@id\":\"https:\/\/www.gitarrentotal.ch\/en\/product\/fender-stratocaster-59-candy-apple-red-heavy-relic\/#primaryimage\"},\"thumbnailUrl\":\"https:\/\/www.gitarrentotal.ch\/wp-content\/uploads\/2024\/09\/FenderStratocaster59CandyAppleRedHeavyRelic-1-scaled.jpg\",\"datePublished\":\"2024-09-23T15:22:40+00:00\",\"dateModified\":\"2024-09-23T15:38:09+00:00\",\"description\":\"Eine unglaublich leichte, Gitarren Total spec Stratocaster aus dem Fender Custom Shop. Diese Mary Kaye style 1956 Reissue Strat besitzt einen Body aus extrem leichter Esche und einen Hals aus geflammten, quarter-sawn Ahorn. Mit einem Gewicht von nur knapp \u00fcber drei Kilogramm ist sie \u00e4usserst bequem zu spielen. Dank flachem Griffbrettradius von 9.5\\\" und Jumbo B\u00fcnden kann diese vintage-style fender wie eine moderne super-strat gespielt werden!\",\"breadcrumb\":{\"@id\":\"https:\/\/www.gitarrentotal.ch\/en\/product\/fender-stratocaster-59-candy-apple-red-heavy-relic\/#breadcrumb\"},\"inLanguage\":\"en-US\",\"potentialAction\":[{\"@type\":\"ReadAction\",\"target\":[\"https:\/\/www.gitarrentotal.ch\/en\/product\/fender-stratocaster-59-candy-apple-red-heavy-relic\/\"]}]},{\"@type\":\"ImageObject\",\"inLanguage\":\"en-US\",\"@id\":\"https:\/\/www.gitarrentotal.ch\/en\/product\/fender-stratocaster-59-candy-apple-red-heavy-relic\/#primaryimage\",\"url\":\"https:\/\/www.gitarrentotal.ch\/wp-content\/uploads\/2024\/09\/FenderStratocaster59CandyAppleRedHeavyRelic-1-scaled.jpg\",\"contentUrl\":\"https:\/\/www.gitarrentotal.ch\/wp-content\/uploads\/2024\/09\/FenderStratocaster59CandyAppleRedHeavyRelic-1-scaled.jpg\",\"width\":2560,\"height\":973},{\"@type\":\"BreadcrumbList\",\"@id\":\"https:\/\/www.gitarrentotal.ch\/en\/product\/fender-stratocaster-59-candy-apple-red-heavy-relic\/#breadcrumb\",\"itemListElement\":[{\"@type\":\"ListItem\",\"position\":1,\"name\":\"Home\",\"item\":\"https:\/\/www.gitarrentotal.ch\/en\/\"},{\"@type\":\"ListItem\",\"position\":2,\"name\":\"Store\",\"item\":\"https:\/\/www.gitarrentotal.ch\/en\/shop-2\/\"},{\"@type\":\"ListItem\",\"position\":3,\"name\":\"Fender Stratocaster &#8217;59 Candy Apple Red Heavy Relic\"}]},{\"@type\":\"WebSite\",\"@id\":\"https:\/\/www.gitarrentotal.ch\/#website\",\"url\":\"https:\/\/www.gitarrentotal.ch\/\",\"name\":\"Gitarren Total\",\"description\":\"\",\"potentialAction\":[{\"@type\":\"SearchAction\",\"target\":{\"@type\":\"EntryPoint\",\"urlTemplate\":\"https:\/\/www.gitarrentotal.ch\/?s={search_term_string}\"},\"query-input\":{\"@type\":\"PropertyValueSpecification\",\"valueRequired\":true,\"valueName\":\"search_term_string\"}}],\"inLanguage\":\"en-US\"}]}<\/script>\n<!-- \/ Yoast SEO plugin. -->","yoast_head_json":{"title":"Fender Stratocaster '59 Candy Apple Red Heavy Relic - Gitarren Total","description":"Eine unglaublich leichte, Gitarren Total spec Stratocaster aus dem Fender Custom Shop. Diese Mary Kaye style 1956 Reissue Strat besitzt einen Body aus extrem leichter Esche und einen Hals aus geflammten, quarter-sawn Ahorn. Mit einem Gewicht von nur knapp \u00fcber drei Kilogramm ist sie \u00e4usserst bequem zu spielen. Dank flachem Griffbrettradius von 9.5\" und Jumbo B\u00fcnden kann diese vintage-style fender wie eine moderne super-strat gespielt werden!","robots":{"index":"index","follow":"follow","max-snippet":"max-snippet:-1","max-image-preview":"max-image-preview:large","max-video-preview":"max-video-preview:-1"},"canonical":"https:\/\/www.gitarrentotal.ch\/en\/product\/fender-stratocaster-59-candy-apple-red-heavy-relic\/","og_locale":"en_US","og_type":"article","og_title":"Fender Stratocaster '59 Candy Apple Red Heavy Relic - Gitarren Total","og_description":"Eine unglaublich leichte, Gitarren Total spec Stratocaster aus dem Fender Custom Shop. Diese Mary Kaye style 1956 Reissue Strat besitzt einen Body aus extrem leichter Esche und einen Hals aus geflammten, quarter-sawn Ahorn. Mit einem Gewicht von nur knapp \u00fcber drei Kilogramm ist sie \u00e4usserst bequem zu spielen. Dank flachem Griffbrettradius von 9.5\" und Jumbo B\u00fcnden kann diese vintage-style fender wie eine moderne super-strat gespielt werden!","og_url":"https:\/\/www.gitarrentotal.ch\/en\/product\/fender-stratocaster-59-candy-apple-red-heavy-relic\/","og_site_name":"Gitarren Total","article_modified_time":"2024-09-23T15:38:09+00:00","og_image":[{"width":2560,"height":973,"url":"https:\/\/www.gitarrentotal.ch\/wp-content\/uploads\/2024\/09\/FenderStratocaster59CandyAppleRedHeavyRelic-1-scaled.jpg","type":"image\/jpeg"}],"twitter_card":"summary_large_image","twitter_misc":{"Est. reading time":"1 minute"},"schema":{"@context":"https:\/\/schema.org","@graph":[{"@type":"WebPage","@id":"https:\/\/www.gitarrentotal.ch\/en\/product\/fender-stratocaster-59-candy-apple-red-heavy-relic\/","url":"https:\/\/www.gitarrentotal.ch\/en\/product\/fender-stratocaster-59-candy-apple-red-heavy-relic\/","name":"Fender Stratocaster '59 Candy Apple Red Heavy Relic - Gitarren Total","isPartOf":{"@id":"https:\/\/www.gitarrentotal.ch\/#website"},"primaryImageOfPage":{"@id":"https:\/\/www.gitarrentotal.ch\/en\/product\/fender-stratocaster-59-candy-apple-red-heavy-relic\/#primaryimage"},"image":{"@id":"https:\/\/www.gitarrentotal.ch\/en\/product\/fender-stratocaster-59-candy-apple-red-heavy-relic\/#primaryimage"},"thumbnailUrl":"https:\/\/www.gitarrentotal.ch\/wp-content\/uploads\/2024\/09\/FenderStratocaster59CandyAppleRedHeavyRelic-1-scaled.jpg","datePublished":"2024-09-23T15:22:40+00:00","dateModified":"2024-09-23T15:38:09+00:00","description":"Eine unglaublich leichte, Gitarren Total spec Stratocaster aus dem Fender Custom Shop. Diese Mary Kaye style 1956 Reissue Strat besitzt einen Body aus extrem leichter Esche und einen Hals aus geflammten, quarter-sawn Ahorn. Mit einem Gewicht von nur knapp \u00fcber drei Kilogramm ist sie \u00e4usserst bequem zu spielen. Dank flachem Griffbrettradius von 9.5\" und Jumbo B\u00fcnden kann diese vintage-style fender wie eine moderne super-strat gespielt werden!","breadcrumb":{"@id":"https:\/\/www.gitarrentotal.ch\/en\/product\/fender-stratocaster-59-candy-apple-red-heavy-relic\/#breadcrumb"},"inLanguage":"en-US","potentialAction":[{"@type":"ReadAction","target":["https:\/\/www.gitarrentotal.ch\/en\/product\/fender-stratocaster-59-candy-apple-red-heavy-relic\/"]}]},{"@type":"ImageObject","inLanguage":"en-US","@id":"https:\/\/www.gitarrentotal.ch\/en\/product\/fender-stratocaster-59-candy-apple-red-heavy-relic\/#primaryimage","url":"https:\/\/www.gitarrentotal.ch\/wp-content\/uploads\/2024\/09\/FenderStratocaster59CandyAppleRedHeavyRelic-1-scaled.jpg","contentUrl":"https:\/\/www.gitarrentotal.ch\/wp-content\/uploads\/2024\/09\/FenderStratocaster59CandyAppleRedHeavyRelic-1-scaled.jpg","width":2560,"height":973},{"@type":"BreadcrumbList","@id":"https:\/\/www.gitarrentotal.ch\/en\/product\/fender-stratocaster-59-candy-apple-red-heavy-relic\/#breadcrumb","itemListElement":[{"@type":"ListItem","position":1,"name":"Home","item":"https:\/\/www.gitarrentotal.ch\/en\/"},{"@type":"ListItem","position":2,"name":"Store","item":"https:\/\/www.gitarrentotal.ch\/en\/shop-2\/"},{"@type":"ListItem","position":3,"name":"Fender Stratocaster &#8217;59 Candy Apple Red Heavy Relic"}]},{"@type":"WebSite","@id":"https:\/\/www.gitarrentotal.ch\/#website","url":"https:\/\/www.gitarrentotal.ch\/","name":"Gitarren Total","description":"","potentialAction":[{"@type":"SearchAction","target":{"@type":"EntryPoint","urlTemplate":"https:\/\/www.gitarrentotal.ch\/?s={search_term_string}"},"query-input":{"@type":"PropertyValueSpecification","valueRequired":true,"valueName":"search_term_string"}}],"inLanguage":"en-US"}]}},"_links":{"self":[{"href":"https:\/\/www.gitarrentotal.ch\/en\/wp-json\/wp\/v2\/product\/125235","targetHints":{"allow":["GET"]}}],"collection":[{"href":"https:\/\/www.gitarrentotal.ch\/en\/wp-json\/wp\/v2\/product"}],"about":[{"href":"https:\/\/www.gitarrentotal.ch\/en\/wp-json\/wp\/v2\/types\/product"}],"replies":[{"embeddable":true,"href":"https:\/\/www.gitarrentotal.ch\/en\/wp-json\/wp\/v2\/comments?post=125235"}],"wp:featuredmedia":[{"embeddable":true,"href":"https:\/\/www.gitarrentotal.ch\/en\/wp-json\/wp\/v2\/media\/124907"}],"wp:attachment":[{"href":"https:\/\/www.gitarrentotal.ch\/en\/wp-json\/wp\/v2\/media?parent=125235"}],"wp:term":[{"taxonomy":"product_brand","embeddable":true,"href":"https:\/\/www.gitarrentotal.ch\/en\/wp-json\/wp\/v2\/product_brand?post=125235"},{"taxonomy":"product_cat","embeddable":true,"href":"https:\/\/www.gitarrentotal.ch\/en\/wp-json\/wp\/v2\/product_cat?post=125235"},{"taxonomy":"product_tag","embeddable":true,"href":"https:\/\/www.gitarrentotal.ch\/en\/wp-json\/wp\/v2\/product_tag?post=125235"}],"curies":[{"name":"wp","href":"https:\/\/api.w.org\/{rel}","templated":true}]}}