{"id":174893,"date":"2025-12-02T19:04:16","date_gmt":"2025-12-02T17:04:16","guid":{"rendered":"https:\/\/www.gitarrentotal.ch\/?post_type=product&#038;p=174893"},"modified":"2025-12-31T15:41:03","modified_gmt":"2025-12-31T13:41:03","slug":"maybach-motone-j-sherwood-green-aged","status":"publish","type":"product","link":"https:\/\/www.gitarrentotal.ch\/en\/product\/maybach-motone-j-sherwood-green-aged\/","title":{"rendered":"Maybach Motone J Sherwood Green Aged"},"content":{"rendered":"<p>J-Style Bass von Maybach, made in Europe.<\/p>\n","protected":false},"excerpt":{"rendered":"<p>J-Style Bass von Maybach, made in Europe.<\/p>\n","protected":false},"featured_media":174587,"comment_status":"open","ping_status":"closed","template":"","meta":{"_acf_changed":false},"product_brand":[],"product_cat":[1826,2011,8044],"product_tag":[],"class_list":{"0":"post-174893","1":"product","2":"type-product","3":"status-publish","4":"has-post-thumbnail","6":"product_cat-guitars","7":"product_cat-bass-guitars-en","8":"product_cat-maybach-bass-guitars","10":"first","11":"onbackorder","12":"taxable","13":"shipping-taxable","14":"purchasable","15":"product-type-simple"},"acf":[],"yoast_head":"<!-- This site is optimized with the Yoast SEO plugin v26.9 - https:\/\/yoast.com\/product\/yoast-seo-wordpress\/ -->\n<title>Maybach Motone J Sherwood Green Aged - Gitarren Total<\/title>\n<meta name=\"description\" content=\"Die Maybach Motone J Sherwood Green Aged ist eine hochwertige Offset-Gitarre mit einem gealterten Sherwood-Green-Finish. Der Hals bietet ein komfortables Spielgef\u00fchl und erm\u00f6glicht pr\u00e4zises, erm\u00fcdungsfreies Spielen. Die verbauten Pickups liefern einen warmen, klaren und dynamischen Klang, der sich f\u00fcr verschiedene Musikstile eignet, von sauberen Passagen bis zu \u00fcbersteuerten Riffs.Die Hardware ist stabil und sorgt f\u00fcr zuverl\u00e4ssige Stimmhaltung, auch bei intensiver Nutzung. Verarbeitung und Materialien entsprechen einem hohen Qualit\u00e4tsstandard, was die Gitarre sowohl f\u00fcr Studioeins\u00e4tze als auch f\u00fcr Live-Auftritte geeignet macht. Insgesamt ist die Motone J Sherwood Green Aged ein professionelles Instrument mit ausgewogenem Klang, solider Bauweise und zeitloser Optik.\" \/>\n<meta name=\"robots\" content=\"index, follow, max-snippet:-1, max-image-preview:large, max-video-preview:-1\" \/>\n<link rel=\"canonical\" href=\"https:\/\/www.gitarrentotal.ch\/produkt\/maybach-motone-j-sherwood-green-aged\/\" \/>\n<meta property=\"og:locale\" content=\"en_US\" \/>\n<meta property=\"og:type\" content=\"article\" \/>\n<meta property=\"og:title\" content=\"Maybach Motone J Sherwood Green Aged - Gitarren Total\" \/>\n<meta property=\"og:description\" content=\"Die Maybach Motone J Sherwood Green Aged ist eine hochwertige Offset-Gitarre mit einem gealterten Sherwood-Green-Finish. Der Hals bietet ein komfortables Spielgef\u00fchl und erm\u00f6glicht pr\u00e4zises, erm\u00fcdungsfreies Spielen. Die verbauten Pickups liefern einen warmen, klaren und dynamischen Klang, der sich f\u00fcr verschiedene Musikstile eignet, von sauberen Passagen bis zu \u00fcbersteuerten Riffs.Die Hardware ist stabil und sorgt f\u00fcr zuverl\u00e4ssige Stimmhaltung, auch bei intensiver Nutzung. Verarbeitung und Materialien entsprechen einem hohen Qualit\u00e4tsstandard, was die Gitarre sowohl f\u00fcr Studioeins\u00e4tze als auch f\u00fcr Live-Auftritte geeignet macht. Insgesamt ist die Motone J Sherwood Green Aged ein professionelles Instrument mit ausgewogenem Klang, solider Bauweise und zeitloser Optik.\" \/>\n<meta property=\"og:url\" content=\"https:\/\/www.gitarrentotal.ch\/produkt\/maybach-motone-j-sherwood-green-aged\/\" \/>\n<meta property=\"og:site_name\" content=\"Gitarren Total\" \/>\n<meta property=\"article:modified_time\" content=\"2025-12-31T13:41:03+00:00\" \/>\n<meta property=\"og:image\" content=\"https:\/\/www.gitarrentotal.ch\/wp-content\/uploads\/2025\/11\/MaybachMotoneJSherwoodGreenAged-2-scaled.jpg\" \/>\n\t<meta property=\"og:image:width\" content=\"2560\" \/>\n\t<meta property=\"og:image:height\" content=\"984\" \/>\n\t<meta property=\"og:image:type\" content=\"image\/jpeg\" \/>\n<meta name=\"twitter:card\" content=\"summary_large_image\" \/>\n<meta name=\"twitter:label1\" content=\"Est. reading time\" \/>\n\t<meta name=\"twitter:data1\" content=\"1 minute\" \/>\n<script type=\"application\/ld+json\" class=\"yoast-schema-graph\">{\"@context\":\"https:\/\/schema.org\",\"@graph\":[{\"@type\":\"WebPage\",\"@id\":\"https:\/\/www.gitarrentotal.ch\/produkt\/maybach-motone-j-sherwood-green-aged\/\",\"url\":\"https:\/\/www.gitarrentotal.ch\/produkt\/maybach-motone-j-sherwood-green-aged\/\",\"name\":\"Maybach Motone J Sherwood Green Aged - Gitarren Total\",\"isPartOf\":{\"@id\":\"https:\/\/www.gitarrentotal.ch\/#website\"},\"primaryImageOfPage\":{\"@id\":\"https:\/\/www.gitarrentotal.ch\/produkt\/maybach-motone-j-sherwood-green-aged\/#primaryimage\"},\"image\":{\"@id\":\"https:\/\/www.gitarrentotal.ch\/produkt\/maybach-motone-j-sherwood-green-aged\/#primaryimage\"},\"thumbnailUrl\":\"https:\/\/www.gitarrentotal.ch\/wp-content\/uploads\/2025\/11\/MaybachMotoneJSherwoodGreenAged-2-scaled.jpg\",\"datePublished\":\"2025-12-02T17:04:16+00:00\",\"dateModified\":\"2025-12-31T13:41:03+00:00\",\"description\":\"Die Maybach Motone J Sherwood Green Aged ist eine hochwertige Offset-Gitarre mit einem gealterten Sherwood-Green-Finish. Der Hals bietet ein komfortables Spielgef\u00fchl und erm\u00f6glicht pr\u00e4zises, erm\u00fcdungsfreies Spielen. Die verbauten Pickups liefern einen warmen, klaren und dynamischen Klang, der sich f\u00fcr verschiedene Musikstile eignet, von sauberen Passagen bis zu \u00fcbersteuerten Riffs.Die Hardware ist stabil und sorgt f\u00fcr zuverl\u00e4ssige Stimmhaltung, auch bei intensiver Nutzung. Verarbeitung und Materialien entsprechen einem hohen Qualit\u00e4tsstandard, was die Gitarre sowohl f\u00fcr Studioeins\u00e4tze als auch f\u00fcr Live-Auftritte geeignet macht. Insgesamt ist die Motone J Sherwood Green Aged ein professionelles Instrument mit ausgewogenem Klang, solider Bauweise und zeitloser Optik.\",\"breadcrumb\":{\"@id\":\"https:\/\/www.gitarrentotal.ch\/produkt\/maybach-motone-j-sherwood-green-aged\/#breadcrumb\"},\"inLanguage\":\"en-US\",\"potentialAction\":[{\"@type\":\"ReadAction\",\"target\":[\"https:\/\/www.gitarrentotal.ch\/produkt\/maybach-motone-j-sherwood-green-aged\/\"]}]},{\"@type\":\"ImageObject\",\"inLanguage\":\"en-US\",\"@id\":\"https:\/\/www.gitarrentotal.ch\/produkt\/maybach-motone-j-sherwood-green-aged\/#primaryimage\",\"url\":\"https:\/\/www.gitarrentotal.ch\/wp-content\/uploads\/2025\/11\/MaybachMotoneJSherwoodGreenAged-2-scaled.jpg\",\"contentUrl\":\"https:\/\/www.gitarrentotal.ch\/wp-content\/uploads\/2025\/11\/MaybachMotoneJSherwoodGreenAged-2-scaled.jpg\",\"width\":2560,\"height\":984},{\"@type\":\"BreadcrumbList\",\"@id\":\"https:\/\/www.gitarrentotal.ch\/produkt\/maybach-motone-j-sherwood-green-aged\/#breadcrumb\",\"itemListElement\":[{\"@type\":\"ListItem\",\"position\":1,\"name\":\"Home\",\"item\":\"https:\/\/www.gitarrentotal.ch\/en\/\"},{\"@type\":\"ListItem\",\"position\":2,\"name\":\"Store\",\"item\":\"https:\/\/www.gitarrentotal.ch\/en\/shop-2\/\"},{\"@type\":\"ListItem\",\"position\":3,\"name\":\"Maybach Motone J Sherwood Green Aged\"}]},{\"@type\":\"WebSite\",\"@id\":\"https:\/\/www.gitarrentotal.ch\/#website\",\"url\":\"https:\/\/www.gitarrentotal.ch\/\",\"name\":\"Gitarren Total\",\"description\":\"\",\"potentialAction\":[{\"@type\":\"SearchAction\",\"target\":{\"@type\":\"EntryPoint\",\"urlTemplate\":\"https:\/\/www.gitarrentotal.ch\/?s={search_term_string}\"},\"query-input\":{\"@type\":\"PropertyValueSpecification\",\"valueRequired\":true,\"valueName\":\"search_term_string\"}}],\"inLanguage\":\"en-US\"}]}<\/script>\n<!-- \/ Yoast SEO plugin. -->","yoast_head_json":{"title":"Maybach Motone J Sherwood Green Aged - Gitarren Total","description":"Die Maybach Motone J Sherwood Green Aged ist eine hochwertige Offset-Gitarre mit einem gealterten Sherwood-Green-Finish. Der Hals bietet ein komfortables Spielgef\u00fchl und erm\u00f6glicht pr\u00e4zises, erm\u00fcdungsfreies Spielen. Die verbauten Pickups liefern einen warmen, klaren und dynamischen Klang, der sich f\u00fcr verschiedene Musikstile eignet, von sauberen Passagen bis zu \u00fcbersteuerten Riffs.Die Hardware ist stabil und sorgt f\u00fcr zuverl\u00e4ssige Stimmhaltung, auch bei intensiver Nutzung. Verarbeitung und Materialien entsprechen einem hohen Qualit\u00e4tsstandard, was die Gitarre sowohl f\u00fcr Studioeins\u00e4tze als auch f\u00fcr Live-Auftritte geeignet macht. Insgesamt ist die Motone J Sherwood Green Aged ein professionelles Instrument mit ausgewogenem Klang, solider Bauweise und zeitloser Optik.","robots":{"index":"index","follow":"follow","max-snippet":"max-snippet:-1","max-image-preview":"max-image-preview:large","max-video-preview":"max-video-preview:-1"},"canonical":"https:\/\/www.gitarrentotal.ch\/produkt\/maybach-motone-j-sherwood-green-aged\/","og_locale":"en_US","og_type":"article","og_title":"Maybach Motone J Sherwood Green Aged - Gitarren Total","og_description":"Die Maybach Motone J Sherwood Green Aged ist eine hochwertige Offset-Gitarre mit einem gealterten Sherwood-Green-Finish. Der Hals bietet ein komfortables Spielgef\u00fchl und erm\u00f6glicht pr\u00e4zises, erm\u00fcdungsfreies Spielen. Die verbauten Pickups liefern einen warmen, klaren und dynamischen Klang, der sich f\u00fcr verschiedene Musikstile eignet, von sauberen Passagen bis zu \u00fcbersteuerten Riffs.Die Hardware ist stabil und sorgt f\u00fcr zuverl\u00e4ssige Stimmhaltung, auch bei intensiver Nutzung. Verarbeitung und Materialien entsprechen einem hohen Qualit\u00e4tsstandard, was die Gitarre sowohl f\u00fcr Studioeins\u00e4tze als auch f\u00fcr Live-Auftritte geeignet macht. Insgesamt ist die Motone J Sherwood Green Aged ein professionelles Instrument mit ausgewogenem Klang, solider Bauweise und zeitloser Optik.","og_url":"https:\/\/www.gitarrentotal.ch\/produkt\/maybach-motone-j-sherwood-green-aged\/","og_site_name":"Gitarren Total","article_modified_time":"2025-12-31T13:41:03+00:00","og_image":[{"width":2560,"height":984,"url":"https:\/\/www.gitarrentotal.ch\/wp-content\/uploads\/2025\/11\/MaybachMotoneJSherwoodGreenAged-2-scaled.jpg","type":"image\/jpeg"}],"twitter_card":"summary_large_image","twitter_misc":{"Est. reading time":"1 minute"},"schema":{"@context":"https:\/\/schema.org","@graph":[{"@type":"WebPage","@id":"https:\/\/www.gitarrentotal.ch\/produkt\/maybach-motone-j-sherwood-green-aged\/","url":"https:\/\/www.gitarrentotal.ch\/produkt\/maybach-motone-j-sherwood-green-aged\/","name":"Maybach Motone J Sherwood Green Aged - Gitarren Total","isPartOf":{"@id":"https:\/\/www.gitarrentotal.ch\/#website"},"primaryImageOfPage":{"@id":"https:\/\/www.gitarrentotal.ch\/produkt\/maybach-motone-j-sherwood-green-aged\/#primaryimage"},"image":{"@id":"https:\/\/www.gitarrentotal.ch\/produkt\/maybach-motone-j-sherwood-green-aged\/#primaryimage"},"thumbnailUrl":"https:\/\/www.gitarrentotal.ch\/wp-content\/uploads\/2025\/11\/MaybachMotoneJSherwoodGreenAged-2-scaled.jpg","datePublished":"2025-12-02T17:04:16+00:00","dateModified":"2025-12-31T13:41:03+00:00","description":"Die Maybach Motone J Sherwood Green Aged ist eine hochwertige Offset-Gitarre mit einem gealterten Sherwood-Green-Finish. Der Hals bietet ein komfortables Spielgef\u00fchl und erm\u00f6glicht pr\u00e4zises, erm\u00fcdungsfreies Spielen. Die verbauten Pickups liefern einen warmen, klaren und dynamischen Klang, der sich f\u00fcr verschiedene Musikstile eignet, von sauberen Passagen bis zu \u00fcbersteuerten Riffs.Die Hardware ist stabil und sorgt f\u00fcr zuverl\u00e4ssige Stimmhaltung, auch bei intensiver Nutzung. Verarbeitung und Materialien entsprechen einem hohen Qualit\u00e4tsstandard, was die Gitarre sowohl f\u00fcr Studioeins\u00e4tze als auch f\u00fcr Live-Auftritte geeignet macht. Insgesamt ist die Motone J Sherwood Green Aged ein professionelles Instrument mit ausgewogenem Klang, solider Bauweise und zeitloser Optik.","breadcrumb":{"@id":"https:\/\/www.gitarrentotal.ch\/produkt\/maybach-motone-j-sherwood-green-aged\/#breadcrumb"},"inLanguage":"en-US","potentialAction":[{"@type":"ReadAction","target":["https:\/\/www.gitarrentotal.ch\/produkt\/maybach-motone-j-sherwood-green-aged\/"]}]},{"@type":"ImageObject","inLanguage":"en-US","@id":"https:\/\/www.gitarrentotal.ch\/produkt\/maybach-motone-j-sherwood-green-aged\/#primaryimage","url":"https:\/\/www.gitarrentotal.ch\/wp-content\/uploads\/2025\/11\/MaybachMotoneJSherwoodGreenAged-2-scaled.jpg","contentUrl":"https:\/\/www.gitarrentotal.ch\/wp-content\/uploads\/2025\/11\/MaybachMotoneJSherwoodGreenAged-2-scaled.jpg","width":2560,"height":984},{"@type":"BreadcrumbList","@id":"https:\/\/www.gitarrentotal.ch\/produkt\/maybach-motone-j-sherwood-green-aged\/#breadcrumb","itemListElement":[{"@type":"ListItem","position":1,"name":"Home","item":"https:\/\/www.gitarrentotal.ch\/en\/"},{"@type":"ListItem","position":2,"name":"Store","item":"https:\/\/www.gitarrentotal.ch\/en\/shop-2\/"},{"@type":"ListItem","position":3,"name":"Maybach Motone J Sherwood Green Aged"}]},{"@type":"WebSite","@id":"https:\/\/www.gitarrentotal.ch\/#website","url":"https:\/\/www.gitarrentotal.ch\/","name":"Gitarren Total","description":"","potentialAction":[{"@type":"SearchAction","target":{"@type":"EntryPoint","urlTemplate":"https:\/\/www.gitarrentotal.ch\/?s={search_term_string}"},"query-input":{"@type":"PropertyValueSpecification","valueRequired":true,"valueName":"search_term_string"}}],"inLanguage":"en-US"}]}},"_links":{"self":[{"href":"https:\/\/www.gitarrentotal.ch\/en\/wp-json\/wp\/v2\/product\/174893","targetHints":{"allow":["GET"]}}],"collection":[{"href":"https:\/\/www.gitarrentotal.ch\/en\/wp-json\/wp\/v2\/product"}],"about":[{"href":"https:\/\/www.gitarrentotal.ch\/en\/wp-json\/wp\/v2\/types\/product"}],"replies":[{"embeddable":true,"href":"https:\/\/www.gitarrentotal.ch\/en\/wp-json\/wp\/v2\/comments?post=174893"}],"wp:featuredmedia":[{"embeddable":true,"href":"https:\/\/www.gitarrentotal.ch\/en\/wp-json\/wp\/v2\/media\/174587"}],"wp:attachment":[{"href":"https:\/\/www.gitarrentotal.ch\/en\/wp-json\/wp\/v2\/media?parent=174893"}],"wp:term":[{"taxonomy":"product_brand","embeddable":true,"href":"https:\/\/www.gitarrentotal.ch\/en\/wp-json\/wp\/v2\/product_brand?post=174893"},{"taxonomy":"product_cat","embeddable":true,"href":"https:\/\/www.gitarrentotal.ch\/en\/wp-json\/wp\/v2\/product_cat?post=174893"},{"taxonomy":"product_tag","embeddable":true,"href":"https:\/\/www.gitarrentotal.ch\/en\/wp-json\/wp\/v2\/product_tag?post=174893"}],"curies":[{"name":"wp","href":"https:\/\/api.w.org\/{rel}","templated":true}]}}