{"id":177817,"date":"2026-02-24T15:12:50","date_gmt":"2026-02-24T13:12:50","guid":{"rendered":"https:\/\/www.gitarrentotal.ch\/?post_type=product&#038;p=177817"},"modified":"2026-02-24T15:42:28","modified_gmt":"2026-02-24T13:42:28","slug":"gibson-les-paul-studio-session-bourbon-burst","status":"publish","type":"product","link":"https:\/\/www.gitarrentotal.ch\/en\/product\/gibson-les-paul-studio-session-bourbon-burst\/","title":{"rendered":"Gibson Les Paul Studio Session Bourbon Burst"},"content":{"rendered":"<p>Handpicked Les Paul Studio Session mit einem besonders intensiv geflammten Ahorntop.<\/p>\n<p>The Les Paul Studio has been redesigned and is now more versatile than ever. Its ultra-lightweight mahogany body with Modern Weight Relief ensures high playing comfort. The maple top delivers clarity and brilliance, while the mahogany produces the warm, powerful sound that has made the Les Paul world-famous.<\/p>\n<p>The set-in mahogany neck provides a stable connection to the body for more resonance and sustain. With a sleek SlimTaper profile, rosewood fingerboard and 22 medium jumbo frets, the guitar is effortless to play. Vintage Deluxe tuners, an adjustable Nashville Tune-O-Matic bridge and a top nut from Graph Tech ensure a classic look and reliable tuning stability.<\/p>\n<p>Two 57 Classic+ pickups offer versatile sounds, while a three-way switch allows for quick switching between pickups. Push\/pull controls for coil splitting and separate tone and volume controls open up numerous tonal possibilities.<\/p>\n<p>The Les Paul Studio Session with contoured neck heel is the perfect combination of tradition and modernity. Its legendary sound, versatility, and comfortable playability make it a guitar for every situation and every genre.<\/p>\n","protected":false},"excerpt":{"rendered":"<p>Handpicked Les Paul Studio Session mit einem besonders intensiv geflammten Ahorntop. The Les Paul Studio has been redesigned and is [&hellip;]<\/p>\n","protected":false},"featured_media":176999,"comment_status":"open","ping_status":"closed","template":"","meta":{"_acf_changed":false},"product_brand":[],"product_cat":[1826,1848,1954,1955],"product_tag":[],"class_list":{"0":"post-177817","1":"product","2":"type-product","3":"status-publish","4":"has-post-thumbnail","6":"product_cat-guitars","7":"product_cat-e-guitars","8":"product_cat-gibson-en","9":"product_cat-gibson-les-paul-en","11":"first","12":"instock","13":"taxable","14":"shipping-taxable","15":"purchasable","16":"product-type-simple"},"acf":[],"yoast_head":"<!-- This site is optimized with the Yoast SEO plugin v26.9 - https:\/\/yoast.com\/product\/yoast-seo-wordpress\/ -->\n<title>Gibson Les Paul Studio Session Bourbon Burst - Gitarren Total<\/title>\n<meta name=\"description\" content=\"Handpicked Les Paul Studio Session mit einem besonders intensiv geflammten Ahorntop. Die Les Paul Studio wurde neu gestaltet und ist jetzt vielseitiger denn je. Ihr ultraleichter Mahagoni Body mit Modern Weight Relief sorgt f\u00fcr hohen Spielkomfort. Das Ahorn Top liefert Klarheit und Brillanz, w\u00e4hrend das Mahagoni den warmen, kraftvollen Klang erzeugt, der die Les Paul weltber\u00fchmt gemacht hat.Der eingeleimte Mahagoni-Hals bietet eine stabile Verbindung zum Korpus f\u00fcr mehr Resonanz und Sustain. Mit einem schlanken SlimTaper-Profil, Palisandergriffbrett und 22 Medium-Jumbo-B\u00fcnden l\u00e4sst sich die Gitarre m\u00fchelos spielen. Vintage Deluxe-Mechaniken eine verstellbare Nashville Tune-O-Matic Bridge und ein Obersattel von Graph Tech sorgen f\u00fcr klassische Optik und zuverl\u00e4ssige Stimmstabilit\u00e4t. Auch bei der Elektronik l\u00e4sst die Les Paul Studio keine W\u00fcnsche offen. Zwei 57 Classic + bieten vielseitige Sounds, w\u00e4hrend ein Drei-Wege-Schalter schnelles Umschalten zwischen den Tonabnehmern erm\u00f6glicht. Push\/Pull-Regler f\u00fcr Coil-Splitting und separate Klang- und Lautst\u00e4rkeregler er\u00f6ffnen zahlreiche klangliche M\u00f6glichkeiten. Die Les Paul Studio Session mit contoured neck heel ist die perfekte Kombination aus Tradition und Moderne. Ihr legend\u00e4rer Klang, ihre Vielseitigkeit und ihr hoher Spielkomfort machen sie zu einer Gitarre f\u00fcr jede Situation und jedes Genre.\" \/>\n<meta name=\"robots\" content=\"index, follow, max-snippet:-1, max-image-preview:large, max-video-preview:-1\" \/>\n<link rel=\"canonical\" href=\"https:\/\/www.gitarrentotal.ch\/en\/product\/gibson-les-paul-studio-session-bourbon-burst\/\" \/>\n<meta property=\"og:locale\" content=\"en_US\" \/>\n<meta property=\"og:type\" content=\"article\" \/>\n<meta property=\"og:title\" content=\"Gibson Les Paul Studio Session Bourbon Burst - Gitarren Total\" \/>\n<meta property=\"og:description\" content=\"Handpicked Les Paul Studio Session mit einem besonders intensiv geflammten Ahorntop. Die Les Paul Studio wurde neu gestaltet und ist jetzt vielseitiger denn je. Ihr ultraleichter Mahagoni Body mit Modern Weight Relief sorgt f\u00fcr hohen Spielkomfort. Das Ahorn Top liefert Klarheit und Brillanz, w\u00e4hrend das Mahagoni den warmen, kraftvollen Klang erzeugt, der die Les Paul weltber\u00fchmt gemacht hat.Der eingeleimte Mahagoni-Hals bietet eine stabile Verbindung zum Korpus f\u00fcr mehr Resonanz und Sustain. Mit einem schlanken SlimTaper-Profil, Palisandergriffbrett und 22 Medium-Jumbo-B\u00fcnden l\u00e4sst sich die Gitarre m\u00fchelos spielen. Vintage Deluxe-Mechaniken eine verstellbare Nashville Tune-O-Matic Bridge und ein Obersattel von Graph Tech sorgen f\u00fcr klassische Optik und zuverl\u00e4ssige Stimmstabilit\u00e4t. Auch bei der Elektronik l\u00e4sst die Les Paul Studio keine W\u00fcnsche offen. Zwei 57 Classic + bieten vielseitige Sounds, w\u00e4hrend ein Drei-Wege-Schalter schnelles Umschalten zwischen den Tonabnehmern erm\u00f6glicht. Push\/Pull-Regler f\u00fcr Coil-Splitting und separate Klang- und Lautst\u00e4rkeregler er\u00f6ffnen zahlreiche klangliche M\u00f6glichkeiten. Die Les Paul Studio Session mit contoured neck heel ist die perfekte Kombination aus Tradition und Moderne. Ihr legend\u00e4rer Klang, ihre Vielseitigkeit und ihr hoher Spielkomfort machen sie zu einer Gitarre f\u00fcr jede Situation und jedes Genre.\" \/>\n<meta property=\"og:url\" content=\"https:\/\/www.gitarrentotal.ch\/en\/product\/gibson-les-paul-studio-session-bourbon-burst\/\" \/>\n<meta property=\"og:site_name\" content=\"Gitarren Total\" \/>\n<meta property=\"article:modified_time\" content=\"2026-02-24T13:42:28+00:00\" \/>\n<meta property=\"og:image\" content=\"https:\/\/www.gitarrentotal.ch\/wp-content\/uploads\/2026\/02\/GibsonLesPsaulStudioSessionBourbonBurst-1-scaled.jpg\" \/>\n\t<meta property=\"og:image:width\" content=\"2560\" \/>\n\t<meta property=\"og:image:height\" content=\"985\" \/>\n\t<meta property=\"og:image:type\" content=\"image\/jpeg\" \/>\n<meta name=\"twitter:card\" content=\"summary_large_image\" \/>\n<meta name=\"twitter:label1\" content=\"Est. reading time\" \/>\n\t<meta name=\"twitter:data1\" content=\"2 minutes\" \/>\n<script type=\"application\/ld+json\" class=\"yoast-schema-graph\">{\"@context\":\"https:\/\/schema.org\",\"@graph\":[{\"@type\":\"WebPage\",\"@id\":\"https:\/\/www.gitarrentotal.ch\/en\/product\/gibson-les-paul-studio-session-bourbon-burst\/\",\"url\":\"https:\/\/www.gitarrentotal.ch\/en\/product\/gibson-les-paul-studio-session-bourbon-burst\/\",\"name\":\"Gibson Les Paul Studio Session Bourbon Burst - Gitarren Total\",\"isPartOf\":{\"@id\":\"https:\/\/www.gitarrentotal.ch\/#website\"},\"primaryImageOfPage\":{\"@id\":\"https:\/\/www.gitarrentotal.ch\/en\/product\/gibson-les-paul-studio-session-bourbon-burst\/#primaryimage\"},\"image\":{\"@id\":\"https:\/\/www.gitarrentotal.ch\/en\/product\/gibson-les-paul-studio-session-bourbon-burst\/#primaryimage\"},\"thumbnailUrl\":\"https:\/\/www.gitarrentotal.ch\/wp-content\/uploads\/2026\/02\/GibsonLesPsaulStudioSessionBourbonBurst-1-scaled.jpg\",\"datePublished\":\"2026-02-24T13:12:50+00:00\",\"dateModified\":\"2026-02-24T13:42:28+00:00\",\"description\":\"Handpicked Les Paul Studio Session mit einem besonders intensiv geflammten Ahorntop. Die Les Paul Studio wurde neu gestaltet und ist jetzt vielseitiger denn je. Ihr ultraleichter Mahagoni Body mit Modern Weight Relief sorgt f\u00fcr hohen Spielkomfort. Das Ahorn Top liefert Klarheit und Brillanz, w\u00e4hrend das Mahagoni den warmen, kraftvollen Klang erzeugt, der die Les Paul weltber\u00fchmt gemacht hat.Der eingeleimte Mahagoni-Hals bietet eine stabile Verbindung zum Korpus f\u00fcr mehr Resonanz und Sustain. Mit einem schlanken SlimTaper-Profil, Palisandergriffbrett und 22 Medium-Jumbo-B\u00fcnden l\u00e4sst sich die Gitarre m\u00fchelos spielen. Vintage Deluxe-Mechaniken eine verstellbare Nashville Tune-O-Matic Bridge und ein Obersattel von Graph Tech sorgen f\u00fcr klassische Optik und zuverl\u00e4ssige Stimmstabilit\u00e4t. Auch bei der Elektronik l\u00e4sst die Les Paul Studio keine W\u00fcnsche offen. Zwei 57 Classic + bieten vielseitige Sounds, w\u00e4hrend ein Drei-Wege-Schalter schnelles Umschalten zwischen den Tonabnehmern erm\u00f6glicht. Push\/Pull-Regler f\u00fcr Coil-Splitting und separate Klang- und Lautst\u00e4rkeregler er\u00f6ffnen zahlreiche klangliche M\u00f6glichkeiten. Die Les Paul Studio Session mit contoured neck heel ist die perfekte Kombination aus Tradition und Moderne. Ihr legend\u00e4rer Klang, ihre Vielseitigkeit und ihr hoher Spielkomfort machen sie zu einer Gitarre f\u00fcr jede Situation und jedes Genre.\",\"breadcrumb\":{\"@id\":\"https:\/\/www.gitarrentotal.ch\/en\/product\/gibson-les-paul-studio-session-bourbon-burst\/#breadcrumb\"},\"inLanguage\":\"en-US\",\"potentialAction\":[{\"@type\":\"ReadAction\",\"target\":[\"https:\/\/www.gitarrentotal.ch\/en\/product\/gibson-les-paul-studio-session-bourbon-burst\/\"]}]},{\"@type\":\"ImageObject\",\"inLanguage\":\"en-US\",\"@id\":\"https:\/\/www.gitarrentotal.ch\/en\/product\/gibson-les-paul-studio-session-bourbon-burst\/#primaryimage\",\"url\":\"https:\/\/www.gitarrentotal.ch\/wp-content\/uploads\/2026\/02\/GibsonLesPsaulStudioSessionBourbonBurst-1-scaled.jpg\",\"contentUrl\":\"https:\/\/www.gitarrentotal.ch\/wp-content\/uploads\/2026\/02\/GibsonLesPsaulStudioSessionBourbonBurst-1-scaled.jpg\",\"width\":2560,\"height\":985},{\"@type\":\"BreadcrumbList\",\"@id\":\"https:\/\/www.gitarrentotal.ch\/en\/product\/gibson-les-paul-studio-session-bourbon-burst\/#breadcrumb\",\"itemListElement\":[{\"@type\":\"ListItem\",\"position\":1,\"name\":\"Home\",\"item\":\"https:\/\/www.gitarrentotal.ch\/en\/home\/\"},{\"@type\":\"ListItem\",\"position\":2,\"name\":\"Store\",\"item\":\"https:\/\/www.gitarrentotal.ch\/en\/shop-2\/\"},{\"@type\":\"ListItem\",\"position\":3,\"name\":\"Gibson Les Paul Studio Session Bourbon Burst\"}]},{\"@type\":\"WebSite\",\"@id\":\"https:\/\/www.gitarrentotal.ch\/#website\",\"url\":\"https:\/\/www.gitarrentotal.ch\/\",\"name\":\"Gitarren Total\",\"description\":\"\",\"potentialAction\":[{\"@type\":\"SearchAction\",\"target\":{\"@type\":\"EntryPoint\",\"urlTemplate\":\"https:\/\/www.gitarrentotal.ch\/?s={search_term_string}\"},\"query-input\":{\"@type\":\"PropertyValueSpecification\",\"valueRequired\":true,\"valueName\":\"search_term_string\"}}],\"inLanguage\":\"en-US\"}]}<\/script>\n<!-- \/ Yoast SEO plugin. -->","yoast_head_json":{"title":"Gibson Les Paul Studio Session Bourbon Burst - Gitarren Total","description":"Handpicked Les Paul Studio Session mit einem besonders intensiv geflammten Ahorntop. Die Les Paul Studio wurde neu gestaltet und ist jetzt vielseitiger denn je. Ihr ultraleichter Mahagoni Body mit Modern Weight Relief sorgt f\u00fcr hohen Spielkomfort. Das Ahorn Top liefert Klarheit und Brillanz, w\u00e4hrend das Mahagoni den warmen, kraftvollen Klang erzeugt, der die Les Paul weltber\u00fchmt gemacht hat.Der eingeleimte Mahagoni-Hals bietet eine stabile Verbindung zum Korpus f\u00fcr mehr Resonanz und Sustain. Mit einem schlanken SlimTaper-Profil, Palisandergriffbrett und 22 Medium-Jumbo-B\u00fcnden l\u00e4sst sich die Gitarre m\u00fchelos spielen. Vintage Deluxe-Mechaniken eine verstellbare Nashville Tune-O-Matic Bridge und ein Obersattel von Graph Tech sorgen f\u00fcr klassische Optik und zuverl\u00e4ssige Stimmstabilit\u00e4t. Auch bei der Elektronik l\u00e4sst die Les Paul Studio keine W\u00fcnsche offen. Zwei 57 Classic + bieten vielseitige Sounds, w\u00e4hrend ein Drei-Wege-Schalter schnelles Umschalten zwischen den Tonabnehmern erm\u00f6glicht. Push\/Pull-Regler f\u00fcr Coil-Splitting und separate Klang- und Lautst\u00e4rkeregler er\u00f6ffnen zahlreiche klangliche M\u00f6glichkeiten. Die Les Paul Studio Session mit contoured neck heel ist die perfekte Kombination aus Tradition und Moderne. Ihr legend\u00e4rer Klang, ihre Vielseitigkeit und ihr hoher Spielkomfort machen sie zu einer Gitarre f\u00fcr jede Situation und jedes Genre.","robots":{"index":"index","follow":"follow","max-snippet":"max-snippet:-1","max-image-preview":"max-image-preview:large","max-video-preview":"max-video-preview:-1"},"canonical":"https:\/\/www.gitarrentotal.ch\/en\/product\/gibson-les-paul-studio-session-bourbon-burst\/","og_locale":"en_US","og_type":"article","og_title":"Gibson Les Paul Studio Session Bourbon Burst - Gitarren Total","og_description":"Handpicked Les Paul Studio Session mit einem besonders intensiv geflammten Ahorntop. Die Les Paul Studio wurde neu gestaltet und ist jetzt vielseitiger denn je. Ihr ultraleichter Mahagoni Body mit Modern Weight Relief sorgt f\u00fcr hohen Spielkomfort. Das Ahorn Top liefert Klarheit und Brillanz, w\u00e4hrend das Mahagoni den warmen, kraftvollen Klang erzeugt, der die Les Paul weltber\u00fchmt gemacht hat.Der eingeleimte Mahagoni-Hals bietet eine stabile Verbindung zum Korpus f\u00fcr mehr Resonanz und Sustain. Mit einem schlanken SlimTaper-Profil, Palisandergriffbrett und 22 Medium-Jumbo-B\u00fcnden l\u00e4sst sich die Gitarre m\u00fchelos spielen. Vintage Deluxe-Mechaniken eine verstellbare Nashville Tune-O-Matic Bridge und ein Obersattel von Graph Tech sorgen f\u00fcr klassische Optik und zuverl\u00e4ssige Stimmstabilit\u00e4t. Auch bei der Elektronik l\u00e4sst die Les Paul Studio keine W\u00fcnsche offen. Zwei 57 Classic + bieten vielseitige Sounds, w\u00e4hrend ein Drei-Wege-Schalter schnelles Umschalten zwischen den Tonabnehmern erm\u00f6glicht. Push\/Pull-Regler f\u00fcr Coil-Splitting und separate Klang- und Lautst\u00e4rkeregler er\u00f6ffnen zahlreiche klangliche M\u00f6glichkeiten. Die Les Paul Studio Session mit contoured neck heel ist die perfekte Kombination aus Tradition und Moderne. Ihr legend\u00e4rer Klang, ihre Vielseitigkeit und ihr hoher Spielkomfort machen sie zu einer Gitarre f\u00fcr jede Situation und jedes Genre.","og_url":"https:\/\/www.gitarrentotal.ch\/en\/product\/gibson-les-paul-studio-session-bourbon-burst\/","og_site_name":"Gitarren Total","article_modified_time":"2026-02-24T13:42:28+00:00","og_image":[{"width":2560,"height":985,"url":"https:\/\/www.gitarrentotal.ch\/wp-content\/uploads\/2026\/02\/GibsonLesPsaulStudioSessionBourbonBurst-1-scaled.jpg","type":"image\/jpeg"}],"twitter_card":"summary_large_image","twitter_misc":{"Est. reading time":"2 minutes"},"schema":{"@context":"https:\/\/schema.org","@graph":[{"@type":"WebPage","@id":"https:\/\/www.gitarrentotal.ch\/en\/product\/gibson-les-paul-studio-session-bourbon-burst\/","url":"https:\/\/www.gitarrentotal.ch\/en\/product\/gibson-les-paul-studio-session-bourbon-burst\/","name":"Gibson Les Paul Studio Session Bourbon Burst - Gitarren Total","isPartOf":{"@id":"https:\/\/www.gitarrentotal.ch\/#website"},"primaryImageOfPage":{"@id":"https:\/\/www.gitarrentotal.ch\/en\/product\/gibson-les-paul-studio-session-bourbon-burst\/#primaryimage"},"image":{"@id":"https:\/\/www.gitarrentotal.ch\/en\/product\/gibson-les-paul-studio-session-bourbon-burst\/#primaryimage"},"thumbnailUrl":"https:\/\/www.gitarrentotal.ch\/wp-content\/uploads\/2026\/02\/GibsonLesPsaulStudioSessionBourbonBurst-1-scaled.jpg","datePublished":"2026-02-24T13:12:50+00:00","dateModified":"2026-02-24T13:42:28+00:00","description":"Handpicked Les Paul Studio Session mit einem besonders intensiv geflammten Ahorntop. Die Les Paul Studio wurde neu gestaltet und ist jetzt vielseitiger denn je. Ihr ultraleichter Mahagoni Body mit Modern Weight Relief sorgt f\u00fcr hohen Spielkomfort. Das Ahorn Top liefert Klarheit und Brillanz, w\u00e4hrend das Mahagoni den warmen, kraftvollen Klang erzeugt, der die Les Paul weltber\u00fchmt gemacht hat.Der eingeleimte Mahagoni-Hals bietet eine stabile Verbindung zum Korpus f\u00fcr mehr Resonanz und Sustain. Mit einem schlanken SlimTaper-Profil, Palisandergriffbrett und 22 Medium-Jumbo-B\u00fcnden l\u00e4sst sich die Gitarre m\u00fchelos spielen. Vintage Deluxe-Mechaniken eine verstellbare Nashville Tune-O-Matic Bridge und ein Obersattel von Graph Tech sorgen f\u00fcr klassische Optik und zuverl\u00e4ssige Stimmstabilit\u00e4t. Auch bei der Elektronik l\u00e4sst die Les Paul Studio keine W\u00fcnsche offen. Zwei 57 Classic + bieten vielseitige Sounds, w\u00e4hrend ein Drei-Wege-Schalter schnelles Umschalten zwischen den Tonabnehmern erm\u00f6glicht. Push\/Pull-Regler f\u00fcr Coil-Splitting und separate Klang- und Lautst\u00e4rkeregler er\u00f6ffnen zahlreiche klangliche M\u00f6glichkeiten. Die Les Paul Studio Session mit contoured neck heel ist die perfekte Kombination aus Tradition und Moderne. Ihr legend\u00e4rer Klang, ihre Vielseitigkeit und ihr hoher Spielkomfort machen sie zu einer Gitarre f\u00fcr jede Situation und jedes Genre.","breadcrumb":{"@id":"https:\/\/www.gitarrentotal.ch\/en\/product\/gibson-les-paul-studio-session-bourbon-burst\/#breadcrumb"},"inLanguage":"en-US","potentialAction":[{"@type":"ReadAction","target":["https:\/\/www.gitarrentotal.ch\/en\/product\/gibson-les-paul-studio-session-bourbon-burst\/"]}]},{"@type":"ImageObject","inLanguage":"en-US","@id":"https:\/\/www.gitarrentotal.ch\/en\/product\/gibson-les-paul-studio-session-bourbon-burst\/#primaryimage","url":"https:\/\/www.gitarrentotal.ch\/wp-content\/uploads\/2026\/02\/GibsonLesPsaulStudioSessionBourbonBurst-1-scaled.jpg","contentUrl":"https:\/\/www.gitarrentotal.ch\/wp-content\/uploads\/2026\/02\/GibsonLesPsaulStudioSessionBourbonBurst-1-scaled.jpg","width":2560,"height":985},{"@type":"BreadcrumbList","@id":"https:\/\/www.gitarrentotal.ch\/en\/product\/gibson-les-paul-studio-session-bourbon-burst\/#breadcrumb","itemListElement":[{"@type":"ListItem","position":1,"name":"Home","item":"https:\/\/www.gitarrentotal.ch\/en\/home\/"},{"@type":"ListItem","position":2,"name":"Store","item":"https:\/\/www.gitarrentotal.ch\/en\/shop-2\/"},{"@type":"ListItem","position":3,"name":"Gibson Les Paul Studio Session Bourbon Burst"}]},{"@type":"WebSite","@id":"https:\/\/www.gitarrentotal.ch\/#website","url":"https:\/\/www.gitarrentotal.ch\/","name":"Gitarren Total","description":"","potentialAction":[{"@type":"SearchAction","target":{"@type":"EntryPoint","urlTemplate":"https:\/\/www.gitarrentotal.ch\/?s={search_term_string}"},"query-input":{"@type":"PropertyValueSpecification","valueRequired":true,"valueName":"search_term_string"}}],"inLanguage":"en-US"}]}},"_links":{"self":[{"href":"https:\/\/www.gitarrentotal.ch\/en\/wp-json\/wp\/v2\/product\/177817","targetHints":{"allow":["GET"]}}],"collection":[{"href":"https:\/\/www.gitarrentotal.ch\/en\/wp-json\/wp\/v2\/product"}],"about":[{"href":"https:\/\/www.gitarrentotal.ch\/en\/wp-json\/wp\/v2\/types\/product"}],"replies":[{"embeddable":true,"href":"https:\/\/www.gitarrentotal.ch\/en\/wp-json\/wp\/v2\/comments?post=177817"}],"wp:featuredmedia":[{"embeddable":true,"href":"https:\/\/www.gitarrentotal.ch\/en\/wp-json\/wp\/v2\/media\/176999"}],"wp:attachment":[{"href":"https:\/\/www.gitarrentotal.ch\/en\/wp-json\/wp\/v2\/media?parent=177817"}],"wp:term":[{"taxonomy":"product_brand","embeddable":true,"href":"https:\/\/www.gitarrentotal.ch\/en\/wp-json\/wp\/v2\/product_brand?post=177817"},{"taxonomy":"product_cat","embeddable":true,"href":"https:\/\/www.gitarrentotal.ch\/en\/wp-json\/wp\/v2\/product_cat?post=177817"},{"taxonomy":"product_tag","embeddable":true,"href":"https:\/\/www.gitarrentotal.ch\/en\/wp-json\/wp\/v2\/product_tag?post=177817"}],"curies":[{"name":"wp","href":"https:\/\/api.w.org\/{rel}","templated":true}]}}