{"id":87943,"date":"2022-07-08T18:12:12","date_gmt":"2022-07-08T16:12:12","guid":{"rendered":"https:\/\/www.gitarrentotal.ch\/product\/gibson-thunderbird-gene-simmons-g2-ebony\/"},"modified":"2022-12-31T11:46:27","modified_gmt":"2022-12-31T09:46:27","slug":"gibson-thunderbird-gene-simmons-g2-ebony","status":"publish","type":"product","link":"https:\/\/www.gitarrentotal.ch\/en\/product\/gibson-thunderbird-gene-simmons-g2-ebony\/","title":{"rendered":"Gibson Thunderbird Gene Simmons G2 Ebony"},"content":{"rendered":"<p>Die Rock-Ikone Gene Simmons ist zur\u00fcck mit einem neuen Signature Instrument! Wir sind positiv \u00fcberrascht, weil der G2 ohne Blut, Zacken oder verr\u00fcckten Inlays daherkommt und deshalb auch Nicht-Kiss-Fans ansprechen d\u00fcrfte. Der too-cool-for-this-planet Anzugs Look in schwarz\/weiss steht dem Thunderbird ausgezeichnet! Und auch der Sound ist gewohnt thunderbirdig warm, mit knackigem Anschlag schiebenden B\u00e4ssen, gescoopten Mitten und seidigen H\u00f6hen. Dank leichtgewichtigen Ministimmmechaniken von Hipshot ist der G2 Thunderbird nur minimal Kopflastig.<\/p>\n","protected":false},"excerpt":{"rendered":"<p>Die Rock-Ikone Gene Simmons ist zur\u00fcck mit einem neuen Signature Instrument! Wir sind positiv \u00fcberrascht, weil der G2 ohne Blut, [&hellip;]<\/p>\n","protected":false},"featured_media":78924,"comment_status":"closed","ping_status":"closed","template":"","meta":{"_acf_changed":false},"product_brand":[],"product_cat":[1826,2011,2664],"product_tag":[],"class_list":{"0":"post-87943","1":"product","2":"type-product","3":"status-publish","4":"has-post-thumbnail","6":"product_cat-guitars","7":"product_cat-bass-guitars-en","8":"product_cat-gibson","10":"first","11":"instock","12":"taxable","13":"shipping-taxable","14":"purchasable","15":"product-type-simple"},"acf":[],"yoast_head":"<!-- This site is optimized with the Yoast SEO plugin v26.9 - https:\/\/yoast.com\/product\/yoast-seo-wordpress\/ -->\n<title>Gibson Thunderbird Gene Simmons G2 Ebony - Gitarren Total<\/title>\n<meta name=\"description\" content=\"Die Rock-Ikone Gene Simmons ist zur\u00fcck mit einem neuen Signature Instrument! Wir sind positiv \u00fcberrascht, weil der G2 ohne Blut, Zacken oder verr\u00fcckten Inlays daherkommt und deshalb auch Nicht-Kiss-Fans ansprechen d\u00fcrfte. Der too-cool-for-this-planet Anzugs Look in schwarz\/weiss steht dem Thunderbird ausgezeichnet! Und auch der Sound ist gewohnt thunderbirdig warm, mit knackigem Anschlag schiebenden B\u00e4ssen, gescoopten Mitten und seidigen H\u00f6hen. Dank leichtgewichtigen Ministimmmechaniken von Hipshot ist der G2 Thunderbird nur minimal Kopflastig.\" \/>\n<meta name=\"robots\" content=\"index, follow, max-snippet:-1, max-image-preview:large, max-video-preview:-1\" \/>\n<link rel=\"canonical\" href=\"https:\/\/www.gitarrentotal.ch\/produkt\/gibson-thunderbird-gene-simmons-g2-ebony\/\" \/>\n<meta property=\"og:locale\" content=\"en_US\" \/>\n<meta property=\"og:type\" content=\"article\" \/>\n<meta property=\"og:title\" content=\"Gibson Thunderbird Gene Simmons G2 Ebony - Gitarren Total\" \/>\n<meta property=\"og:description\" content=\"Die Rock-Ikone Gene Simmons ist zur\u00fcck mit einem neuen Signature Instrument! Wir sind positiv \u00fcberrascht, weil der G2 ohne Blut, Zacken oder verr\u00fcckten Inlays daherkommt und deshalb auch Nicht-Kiss-Fans ansprechen d\u00fcrfte. Der too-cool-for-this-planet Anzugs Look in schwarz\/weiss steht dem Thunderbird ausgezeichnet! Und auch der Sound ist gewohnt thunderbirdig warm, mit knackigem Anschlag schiebenden B\u00e4ssen, gescoopten Mitten und seidigen H\u00f6hen. Dank leichtgewichtigen Ministimmmechaniken von Hipshot ist der G2 Thunderbird nur minimal Kopflastig.\" \/>\n<meta property=\"og:url\" content=\"https:\/\/www.gitarrentotal.ch\/produkt\/gibson-thunderbird-gene-simmons-g2-ebony\/\" \/>\n<meta property=\"og:site_name\" content=\"Gitarren Total\" \/>\n<meta property=\"article:modified_time\" content=\"2022-12-31T09:46:27+00:00\" \/>\n<meta property=\"og:image\" content=\"https:\/\/www.gitarrentotal.ch\/wp-content\/uploads\/2022\/07\/GibsonThunderbirdG2GeneSimmonsEbonyMirror-1-scaled.jpg\" \/>\n\t<meta property=\"og:image:width\" content=\"2560\" \/>\n\t<meta property=\"og:image:height\" content=\"973\" \/>\n\t<meta property=\"og:image:type\" content=\"image\/jpeg\" \/>\n<meta name=\"twitter:card\" content=\"summary_large_image\" \/>\n<script type=\"application\/ld+json\" class=\"yoast-schema-graph\">{\"@context\":\"https:\/\/schema.org\",\"@graph\":[{\"@type\":\"WebPage\",\"@id\":\"https:\/\/www.gitarrentotal.ch\/produkt\/gibson-thunderbird-gene-simmons-g2-ebony\/\",\"url\":\"https:\/\/www.gitarrentotal.ch\/produkt\/gibson-thunderbird-gene-simmons-g2-ebony\/\",\"name\":\"Gibson Thunderbird Gene Simmons G2 Ebony - Gitarren Total\",\"isPartOf\":{\"@id\":\"https:\/\/www.gitarrentotal.ch\/#website\"},\"primaryImageOfPage\":{\"@id\":\"https:\/\/www.gitarrentotal.ch\/produkt\/gibson-thunderbird-gene-simmons-g2-ebony\/#primaryimage\"},\"image\":{\"@id\":\"https:\/\/www.gitarrentotal.ch\/produkt\/gibson-thunderbird-gene-simmons-g2-ebony\/#primaryimage\"},\"thumbnailUrl\":\"https:\/\/www.gitarrentotal.ch\/wp-content\/uploads\/2022\/07\/GibsonThunderbirdG2GeneSimmonsEbonyMirror-1-scaled.jpg\",\"datePublished\":\"2022-07-08T16:12:12+00:00\",\"dateModified\":\"2022-12-31T09:46:27+00:00\",\"description\":\"Die Rock-Ikone Gene Simmons ist zur\u00fcck mit einem neuen Signature Instrument! Wir sind positiv \u00fcberrascht, weil der G2 ohne Blut, Zacken oder verr\u00fcckten Inlays daherkommt und deshalb auch Nicht-Kiss-Fans ansprechen d\u00fcrfte. Der too-cool-for-this-planet Anzugs Look in schwarz\/weiss steht dem Thunderbird ausgezeichnet! Und auch der Sound ist gewohnt thunderbirdig warm, mit knackigem Anschlag schiebenden B\u00e4ssen, gescoopten Mitten und seidigen H\u00f6hen. Dank leichtgewichtigen Ministimmmechaniken von Hipshot ist der G2 Thunderbird nur minimal Kopflastig.\",\"breadcrumb\":{\"@id\":\"https:\/\/www.gitarrentotal.ch\/produkt\/gibson-thunderbird-gene-simmons-g2-ebony\/#breadcrumb\"},\"inLanguage\":\"en-US\",\"potentialAction\":[{\"@type\":\"ReadAction\",\"target\":[\"https:\/\/www.gitarrentotal.ch\/produkt\/gibson-thunderbird-gene-simmons-g2-ebony\/\"]}]},{\"@type\":\"ImageObject\",\"inLanguage\":\"en-US\",\"@id\":\"https:\/\/www.gitarrentotal.ch\/produkt\/gibson-thunderbird-gene-simmons-g2-ebony\/#primaryimage\",\"url\":\"https:\/\/www.gitarrentotal.ch\/wp-content\/uploads\/2022\/07\/GibsonThunderbirdG2GeneSimmonsEbonyMirror-1-scaled.jpg\",\"contentUrl\":\"https:\/\/www.gitarrentotal.ch\/wp-content\/uploads\/2022\/07\/GibsonThunderbirdG2GeneSimmonsEbonyMirror-1-scaled.jpg\",\"width\":2560,\"height\":973},{\"@type\":\"BreadcrumbList\",\"@id\":\"https:\/\/www.gitarrentotal.ch\/produkt\/gibson-thunderbird-gene-simmons-g2-ebony\/#breadcrumb\",\"itemListElement\":[{\"@type\":\"ListItem\",\"position\":1,\"name\":\"Home\",\"item\":\"https:\/\/www.gitarrentotal.ch\/en\/home\/\"},{\"@type\":\"ListItem\",\"position\":2,\"name\":\"Store\",\"item\":\"https:\/\/www.gitarrentotal.ch\/en\/shop-2\/\"},{\"@type\":\"ListItem\",\"position\":3,\"name\":\"Gibson Thunderbird Gene Simmons G2 Ebony\"}]},{\"@type\":\"WebSite\",\"@id\":\"https:\/\/www.gitarrentotal.ch\/#website\",\"url\":\"https:\/\/www.gitarrentotal.ch\/\",\"name\":\"Gitarren Total\",\"description\":\"\",\"potentialAction\":[{\"@type\":\"SearchAction\",\"target\":{\"@type\":\"EntryPoint\",\"urlTemplate\":\"https:\/\/www.gitarrentotal.ch\/?s={search_term_string}\"},\"query-input\":{\"@type\":\"PropertyValueSpecification\",\"valueRequired\":true,\"valueName\":\"search_term_string\"}}],\"inLanguage\":\"en-US\"}]}<\/script>\n<!-- \/ Yoast SEO plugin. -->","yoast_head_json":{"title":"Gibson Thunderbird Gene Simmons G2 Ebony - Gitarren Total","description":"Die Rock-Ikone Gene Simmons ist zur\u00fcck mit einem neuen Signature Instrument! Wir sind positiv \u00fcberrascht, weil der G2 ohne Blut, Zacken oder verr\u00fcckten Inlays daherkommt und deshalb auch Nicht-Kiss-Fans ansprechen d\u00fcrfte. Der too-cool-for-this-planet Anzugs Look in schwarz\/weiss steht dem Thunderbird ausgezeichnet! Und auch der Sound ist gewohnt thunderbirdig warm, mit knackigem Anschlag schiebenden B\u00e4ssen, gescoopten Mitten und seidigen H\u00f6hen. Dank leichtgewichtigen Ministimmmechaniken von Hipshot ist der G2 Thunderbird nur minimal Kopflastig.","robots":{"index":"index","follow":"follow","max-snippet":"max-snippet:-1","max-image-preview":"max-image-preview:large","max-video-preview":"max-video-preview:-1"},"canonical":"https:\/\/www.gitarrentotal.ch\/produkt\/gibson-thunderbird-gene-simmons-g2-ebony\/","og_locale":"en_US","og_type":"article","og_title":"Gibson Thunderbird Gene Simmons G2 Ebony - Gitarren Total","og_description":"Die Rock-Ikone Gene Simmons ist zur\u00fcck mit einem neuen Signature Instrument! Wir sind positiv \u00fcberrascht, weil der G2 ohne Blut, Zacken oder verr\u00fcckten Inlays daherkommt und deshalb auch Nicht-Kiss-Fans ansprechen d\u00fcrfte. Der too-cool-for-this-planet Anzugs Look in schwarz\/weiss steht dem Thunderbird ausgezeichnet! Und auch der Sound ist gewohnt thunderbirdig warm, mit knackigem Anschlag schiebenden B\u00e4ssen, gescoopten Mitten und seidigen H\u00f6hen. Dank leichtgewichtigen Ministimmmechaniken von Hipshot ist der G2 Thunderbird nur minimal Kopflastig.","og_url":"https:\/\/www.gitarrentotal.ch\/produkt\/gibson-thunderbird-gene-simmons-g2-ebony\/","og_site_name":"Gitarren Total","article_modified_time":"2022-12-31T09:46:27+00:00","og_image":[{"width":2560,"height":973,"url":"https:\/\/www.gitarrentotal.ch\/wp-content\/uploads\/2022\/07\/GibsonThunderbirdG2GeneSimmonsEbonyMirror-1-scaled.jpg","type":"image\/jpeg"}],"twitter_card":"summary_large_image","schema":{"@context":"https:\/\/schema.org","@graph":[{"@type":"WebPage","@id":"https:\/\/www.gitarrentotal.ch\/produkt\/gibson-thunderbird-gene-simmons-g2-ebony\/","url":"https:\/\/www.gitarrentotal.ch\/produkt\/gibson-thunderbird-gene-simmons-g2-ebony\/","name":"Gibson Thunderbird Gene Simmons G2 Ebony - Gitarren Total","isPartOf":{"@id":"https:\/\/www.gitarrentotal.ch\/#website"},"primaryImageOfPage":{"@id":"https:\/\/www.gitarrentotal.ch\/produkt\/gibson-thunderbird-gene-simmons-g2-ebony\/#primaryimage"},"image":{"@id":"https:\/\/www.gitarrentotal.ch\/produkt\/gibson-thunderbird-gene-simmons-g2-ebony\/#primaryimage"},"thumbnailUrl":"https:\/\/www.gitarrentotal.ch\/wp-content\/uploads\/2022\/07\/GibsonThunderbirdG2GeneSimmonsEbonyMirror-1-scaled.jpg","datePublished":"2022-07-08T16:12:12+00:00","dateModified":"2022-12-31T09:46:27+00:00","description":"Die Rock-Ikone Gene Simmons ist zur\u00fcck mit einem neuen Signature Instrument! Wir sind positiv \u00fcberrascht, weil der G2 ohne Blut, Zacken oder verr\u00fcckten Inlays daherkommt und deshalb auch Nicht-Kiss-Fans ansprechen d\u00fcrfte. Der too-cool-for-this-planet Anzugs Look in schwarz\/weiss steht dem Thunderbird ausgezeichnet! Und auch der Sound ist gewohnt thunderbirdig warm, mit knackigem Anschlag schiebenden B\u00e4ssen, gescoopten Mitten und seidigen H\u00f6hen. Dank leichtgewichtigen Ministimmmechaniken von Hipshot ist der G2 Thunderbird nur minimal Kopflastig.","breadcrumb":{"@id":"https:\/\/www.gitarrentotal.ch\/produkt\/gibson-thunderbird-gene-simmons-g2-ebony\/#breadcrumb"},"inLanguage":"en-US","potentialAction":[{"@type":"ReadAction","target":["https:\/\/www.gitarrentotal.ch\/produkt\/gibson-thunderbird-gene-simmons-g2-ebony\/"]}]},{"@type":"ImageObject","inLanguage":"en-US","@id":"https:\/\/www.gitarrentotal.ch\/produkt\/gibson-thunderbird-gene-simmons-g2-ebony\/#primaryimage","url":"https:\/\/www.gitarrentotal.ch\/wp-content\/uploads\/2022\/07\/GibsonThunderbirdG2GeneSimmonsEbonyMirror-1-scaled.jpg","contentUrl":"https:\/\/www.gitarrentotal.ch\/wp-content\/uploads\/2022\/07\/GibsonThunderbirdG2GeneSimmonsEbonyMirror-1-scaled.jpg","width":2560,"height":973},{"@type":"BreadcrumbList","@id":"https:\/\/www.gitarrentotal.ch\/produkt\/gibson-thunderbird-gene-simmons-g2-ebony\/#breadcrumb","itemListElement":[{"@type":"ListItem","position":1,"name":"Home","item":"https:\/\/www.gitarrentotal.ch\/en\/home\/"},{"@type":"ListItem","position":2,"name":"Store","item":"https:\/\/www.gitarrentotal.ch\/en\/shop-2\/"},{"@type":"ListItem","position":3,"name":"Gibson Thunderbird Gene Simmons G2 Ebony"}]},{"@type":"WebSite","@id":"https:\/\/www.gitarrentotal.ch\/#website","url":"https:\/\/www.gitarrentotal.ch\/","name":"Gitarren Total","description":"","potentialAction":[{"@type":"SearchAction","target":{"@type":"EntryPoint","urlTemplate":"https:\/\/www.gitarrentotal.ch\/?s={search_term_string}"},"query-input":{"@type":"PropertyValueSpecification","valueRequired":true,"valueName":"search_term_string"}}],"inLanguage":"en-US"}]}},"_links":{"self":[{"href":"https:\/\/www.gitarrentotal.ch\/en\/wp-json\/wp\/v2\/product\/87943","targetHints":{"allow":["GET"]}}],"collection":[{"href":"https:\/\/www.gitarrentotal.ch\/en\/wp-json\/wp\/v2\/product"}],"about":[{"href":"https:\/\/www.gitarrentotal.ch\/en\/wp-json\/wp\/v2\/types\/product"}],"replies":[{"embeddable":true,"href":"https:\/\/www.gitarrentotal.ch\/en\/wp-json\/wp\/v2\/comments?post=87943"}],"wp:featuredmedia":[{"embeddable":true,"href":"https:\/\/www.gitarrentotal.ch\/en\/wp-json\/wp\/v2\/media\/78924"}],"wp:attachment":[{"href":"https:\/\/www.gitarrentotal.ch\/en\/wp-json\/wp\/v2\/media?parent=87943"}],"wp:term":[{"taxonomy":"product_brand","embeddable":true,"href":"https:\/\/www.gitarrentotal.ch\/en\/wp-json\/wp\/v2\/product_brand?post=87943"},{"taxonomy":"product_cat","embeddable":true,"href":"https:\/\/www.gitarrentotal.ch\/en\/wp-json\/wp\/v2\/product_cat?post=87943"},{"taxonomy":"product_tag","embeddable":true,"href":"https:\/\/www.gitarrentotal.ch\/en\/wp-json\/wp\/v2\/product_tag?post=87943"}],"curies":[{"name":"wp","href":"https:\/\/api.w.org\/{rel}","templated":true}]}}