{"id":88376,"date":"2021-11-29T14:05:13","date_gmt":"2021-11-29T12:05:13","guid":{"rendered":"https:\/\/www.gitarrentotal.ch\/product\/greuter-audio-natural-selection-black-on-yellow\/"},"modified":"2022-12-31T12:44:43","modified_gmt":"2022-12-31T10:44:43","slug":"greuter-audio-natural-selection","status":"publish","type":"product","link":"https:\/\/www.gitarrentotal.ch\/en\/product\/greuter-audio-natural-selection\/","title":{"rendered":"Greuter Audio Natural Selection Black on Yellow"},"content":{"rendered":"<div class=\"\"><b class=\"\">Natural Selection<\/b> Overdrive Pedal:<\/div>\n<div class=\"\">Der neue Greuter Natural Selection Overdrive ist ein nat\u00fcrlich und organisch klingendes Overdrive Pedal, das deinen Klang und die Direktheit zwischen Gitarre und Verst\u00e4rker beibeh\u00e4lt und<\/div>\n<div class=\"\">sogar verst\u00e4rkt.<\/div>\n<div class=\"\">Er reagiert sehr dynamisch auf dein Spiel und auf die Einstellung des Gitarrenvolumens.<\/div>\n<div class=\"\"><\/div>\n<div class=\"\">Mit dem Natural Selection kannst du dein Lieblings-Gitarrensound mit musikalischer Verzerrung bereichern, ohne das Klangbild zu ver\u00e4ndern. Du musst also deine Amp nicht laut aufdrehen, um eine sch\u00f6ne Verzerrung zu erreichen und kannst trotzdem seine Klangqualit\u00e4ten geniessen.<\/div>\n<div class=\"\"><\/div>\n<div class=\"\">\n<div class=\"\">Mit der feinabgestimmten 3-Band Tonregelung l\u00e4sst er sich auf praktisch jedes Set-up ein, dies ohne den Originalton unsch\u00f6n zu f\u00e4rben.<\/div>\n<\/div>\n<div class=\"\">Die Tonregelung ist ideal um:<\/div>\n<div class=\"\">die B\u00e4sse zu straffen<\/div>\n<div class=\"\">die singenden Mitten zu betonen<\/div>\n<div class=\"\">jeder einzelnen Note mehr Gewicht zu geben<\/div>\n<div class=\"\">einen dumpfen Hals-Humbucker aufzukl\u00e4ren<\/div>\n<div class=\"\">grelle Steg-Tonabnehmer abzurunden<\/div>\n<div class=\"\">sich im Bandmix hervorzuheben<\/div>\n<div class=\"\"><\/div>\n<div class=\"\">Die Verzerrung ergibt sich durch eine komplexe Schaltung mit ausgew\u00e4hltem Jfet-Transistor \u00fcber einen Opamp mit zwei speziellen Anordnungen aus Dioden.<\/div>\n<div class=\"\"><b class=\"\">S<\/b> f\u00fcr Silicon: Asymmetrische Diodenkomposition f\u00fcr einen nat\u00fcrlichen und dynamischen Overdrive.<\/div>\n<div class=\"\"><b class=\"\">G<\/b> f\u00fcr Germanium: Symmetrische Anordnung von Germanium- und Silizium-Dioden f\u00fcr mehr Kompression und Fuzz-\u00e4hnlichen Overdrive.<\/div>\n<div class=\"\">F\u00fcr die Klangregelung stehen <b class=\"\">T <\/b>H\u00f6henregler, <b class=\"\">M<\/b> Mittenregler und <b class=\"\">B<\/b> Bassregler zur Verf\u00fcgung. Die Regelbarkeit des Frequenzspektrum sind speziell f\u00fcr Gitarre ausgelegt.<\/div>\n<div class=\"\"><\/div>\n<div class=\"\">Der Natural Selection l\u00e4uft mit 9V DC (center negativ), wie \u00fcblich bei allen Greuter Pedalen und auch vielen g\u00e4ngigen Gitarreneffektger\u00e4ten.<\/div>\n<div class=\"\">F\u00fcr einen gr\u00f6ssere Headroom wird intern die Spannung verdoppelt.<\/div>\n<div class=\"\"><\/div>\n<div class=\"\">All dies in gewohnter Greuter Topqualit\u00e4t mit qualitativ hochwertigen und auf den Klang abgestimmte Komponenten. Von Hand gebaut in der Schweiz.<\/div>\n<p>&nbsp;<\/p>\n","protected":false},"excerpt":{"rendered":"<p>Natural Selection Overdrive Pedal: Der neue Greuter Natural Selection Overdrive ist ein nat\u00fcrlich und organisch klingendes Overdrive Pedal, das deinen [&hellip;]<\/p>\n","protected":false},"featured_media":77358,"comment_status":"closed","ping_status":"closed","template":"","meta":{"_acf_changed":false},"product_brand":[],"product_cat":[1891,2333,2753,2334,2346],"product_tag":[],"class_list":{"0":"post-88376","1":"product","2":"type-product","3":"status-publish","4":"has-post-thumbnail","6":"product_cat-effects","7":"product_cat-by-brand-en","8":"product_cat-greuter-audio-en","9":"product_cat-by-type-en","10":"product_cat-overdrive-en","12":"first","13":"instock","14":"taxable","15":"shipping-taxable","16":"purchasable","17":"product-type-simple"},"acf":[],"yoast_head":"<!-- This site is optimized with the Yoast SEO plugin v26.9 - https:\/\/yoast.com\/product\/yoast-seo-wordpress\/ -->\n<title>Greuter Audio Natural Selection Black on Yellow - Gitarren Total<\/title>\n<meta name=\"robots\" content=\"index, follow, max-snippet:-1, max-image-preview:large, max-video-preview:-1\" \/>\n<link rel=\"canonical\" href=\"https:\/\/www.gitarrentotal.ch\/produkt\/greuter-audio-natural-selection\/\" \/>\n<meta property=\"og:locale\" content=\"en_US\" \/>\n<meta property=\"og:type\" content=\"article\" \/>\n<meta property=\"og:title\" content=\"Greuter Audio Natural Selection Black on Yellow - Gitarren Total\" \/>\n<meta property=\"og:description\" content=\"Natural Selection Overdrive Pedal: Der neue Greuter Natural Selection Overdrive ist ein nat\u00fcrlich und organisch klingendes Overdrive Pedal, das deinen [&hellip;]\" \/>\n<meta property=\"og:url\" content=\"https:\/\/www.gitarrentotal.ch\/produkt\/greuter-audio-natural-selection\/\" \/>\n<meta property=\"og:site_name\" content=\"Gitarren Total\" \/>\n<meta property=\"article:modified_time\" content=\"2022-12-31T10:44:43+00:00\" \/>\n<meta property=\"og:image\" content=\"https:\/\/www.gitarrentotal.ch\/wp-content\/uploads\/2021\/11\/GreuterAudioNaturalSelection-scaled.jpg\" \/>\n\t<meta property=\"og:image:width\" content=\"2560\" \/>\n\t<meta property=\"og:image:height\" content=\"973\" \/>\n\t<meta property=\"og:image:type\" content=\"image\/jpeg\" \/>\n<meta name=\"twitter:card\" content=\"summary_large_image\" \/>\n<meta name=\"twitter:label1\" content=\"Est. reading time\" \/>\n\t<meta name=\"twitter:data1\" content=\"1 minute\" \/>\n<script type=\"application\/ld+json\" class=\"yoast-schema-graph\">{\"@context\":\"https:\/\/schema.org\",\"@graph\":[{\"@type\":\"WebPage\",\"@id\":\"https:\/\/www.gitarrentotal.ch\/produkt\/greuter-audio-natural-selection\/\",\"url\":\"https:\/\/www.gitarrentotal.ch\/produkt\/greuter-audio-natural-selection\/\",\"name\":\"Greuter Audio Natural Selection Black on Yellow - Gitarren Total\",\"isPartOf\":{\"@id\":\"https:\/\/www.gitarrentotal.ch\/#website\"},\"primaryImageOfPage\":{\"@id\":\"https:\/\/www.gitarrentotal.ch\/produkt\/greuter-audio-natural-selection\/#primaryimage\"},\"image\":{\"@id\":\"https:\/\/www.gitarrentotal.ch\/produkt\/greuter-audio-natural-selection\/#primaryimage\"},\"thumbnailUrl\":\"https:\/\/www.gitarrentotal.ch\/wp-content\/uploads\/2021\/11\/GreuterAudioNaturalSelection-scaled.jpg\",\"datePublished\":\"2021-11-29T12:05:13+00:00\",\"dateModified\":\"2022-12-31T10:44:43+00:00\",\"breadcrumb\":{\"@id\":\"https:\/\/www.gitarrentotal.ch\/produkt\/greuter-audio-natural-selection\/#breadcrumb\"},\"inLanguage\":\"en-US\",\"potentialAction\":[{\"@type\":\"ReadAction\",\"target\":[\"https:\/\/www.gitarrentotal.ch\/produkt\/greuter-audio-natural-selection\/\"]}]},{\"@type\":\"ImageObject\",\"inLanguage\":\"en-US\",\"@id\":\"https:\/\/www.gitarrentotal.ch\/produkt\/greuter-audio-natural-selection\/#primaryimage\",\"url\":\"https:\/\/www.gitarrentotal.ch\/wp-content\/uploads\/2021\/11\/GreuterAudioNaturalSelection-scaled.jpg\",\"contentUrl\":\"https:\/\/www.gitarrentotal.ch\/wp-content\/uploads\/2021\/11\/GreuterAudioNaturalSelection-scaled.jpg\",\"width\":2560,\"height\":973},{\"@type\":\"BreadcrumbList\",\"@id\":\"https:\/\/www.gitarrentotal.ch\/produkt\/greuter-audio-natural-selection\/#breadcrumb\",\"itemListElement\":[{\"@type\":\"ListItem\",\"position\":1,\"name\":\"Home\",\"item\":\"https:\/\/www.gitarrentotal.ch\/en\/home\/\"},{\"@type\":\"ListItem\",\"position\":2,\"name\":\"Store\",\"item\":\"https:\/\/www.gitarrentotal.ch\/en\/shop-2\/\"},{\"@type\":\"ListItem\",\"position\":3,\"name\":\"Greuter Audio Natural Selection Black on Yellow\"}]},{\"@type\":\"WebSite\",\"@id\":\"https:\/\/www.gitarrentotal.ch\/#website\",\"url\":\"https:\/\/www.gitarrentotal.ch\/\",\"name\":\"Gitarren Total\",\"description\":\"\",\"potentialAction\":[{\"@type\":\"SearchAction\",\"target\":{\"@type\":\"EntryPoint\",\"urlTemplate\":\"https:\/\/www.gitarrentotal.ch\/?s={search_term_string}\"},\"query-input\":{\"@type\":\"PropertyValueSpecification\",\"valueRequired\":true,\"valueName\":\"search_term_string\"}}],\"inLanguage\":\"en-US\"}]}<\/script>\n<!-- \/ Yoast SEO plugin. -->","yoast_head_json":{"title":"Greuter Audio Natural Selection Black on Yellow - Gitarren Total","robots":{"index":"index","follow":"follow","max-snippet":"max-snippet:-1","max-image-preview":"max-image-preview:large","max-video-preview":"max-video-preview:-1"},"canonical":"https:\/\/www.gitarrentotal.ch\/produkt\/greuter-audio-natural-selection\/","og_locale":"en_US","og_type":"article","og_title":"Greuter Audio Natural Selection Black on Yellow - Gitarren Total","og_description":"Natural Selection Overdrive Pedal: Der neue Greuter Natural Selection Overdrive ist ein nat\u00fcrlich und organisch klingendes Overdrive Pedal, das deinen [&hellip;]","og_url":"https:\/\/www.gitarrentotal.ch\/produkt\/greuter-audio-natural-selection\/","og_site_name":"Gitarren Total","article_modified_time":"2022-12-31T10:44:43+00:00","og_image":[{"width":2560,"height":973,"url":"https:\/\/www.gitarrentotal.ch\/wp-content\/uploads\/2021\/11\/GreuterAudioNaturalSelection-scaled.jpg","type":"image\/jpeg"}],"twitter_card":"summary_large_image","twitter_misc":{"Est. reading time":"1 minute"},"schema":{"@context":"https:\/\/schema.org","@graph":[{"@type":"WebPage","@id":"https:\/\/www.gitarrentotal.ch\/produkt\/greuter-audio-natural-selection\/","url":"https:\/\/www.gitarrentotal.ch\/produkt\/greuter-audio-natural-selection\/","name":"Greuter Audio Natural Selection Black on Yellow - Gitarren Total","isPartOf":{"@id":"https:\/\/www.gitarrentotal.ch\/#website"},"primaryImageOfPage":{"@id":"https:\/\/www.gitarrentotal.ch\/produkt\/greuter-audio-natural-selection\/#primaryimage"},"image":{"@id":"https:\/\/www.gitarrentotal.ch\/produkt\/greuter-audio-natural-selection\/#primaryimage"},"thumbnailUrl":"https:\/\/www.gitarrentotal.ch\/wp-content\/uploads\/2021\/11\/GreuterAudioNaturalSelection-scaled.jpg","datePublished":"2021-11-29T12:05:13+00:00","dateModified":"2022-12-31T10:44:43+00:00","breadcrumb":{"@id":"https:\/\/www.gitarrentotal.ch\/produkt\/greuter-audio-natural-selection\/#breadcrumb"},"inLanguage":"en-US","potentialAction":[{"@type":"ReadAction","target":["https:\/\/www.gitarrentotal.ch\/produkt\/greuter-audio-natural-selection\/"]}]},{"@type":"ImageObject","inLanguage":"en-US","@id":"https:\/\/www.gitarrentotal.ch\/produkt\/greuter-audio-natural-selection\/#primaryimage","url":"https:\/\/www.gitarrentotal.ch\/wp-content\/uploads\/2021\/11\/GreuterAudioNaturalSelection-scaled.jpg","contentUrl":"https:\/\/www.gitarrentotal.ch\/wp-content\/uploads\/2021\/11\/GreuterAudioNaturalSelection-scaled.jpg","width":2560,"height":973},{"@type":"BreadcrumbList","@id":"https:\/\/www.gitarrentotal.ch\/produkt\/greuter-audio-natural-selection\/#breadcrumb","itemListElement":[{"@type":"ListItem","position":1,"name":"Home","item":"https:\/\/www.gitarrentotal.ch\/en\/home\/"},{"@type":"ListItem","position":2,"name":"Store","item":"https:\/\/www.gitarrentotal.ch\/en\/shop-2\/"},{"@type":"ListItem","position":3,"name":"Greuter Audio Natural Selection Black on Yellow"}]},{"@type":"WebSite","@id":"https:\/\/www.gitarrentotal.ch\/#website","url":"https:\/\/www.gitarrentotal.ch\/","name":"Gitarren Total","description":"","potentialAction":[{"@type":"SearchAction","target":{"@type":"EntryPoint","urlTemplate":"https:\/\/www.gitarrentotal.ch\/?s={search_term_string}"},"query-input":{"@type":"PropertyValueSpecification","valueRequired":true,"valueName":"search_term_string"}}],"inLanguage":"en-US"}]}},"_links":{"self":[{"href":"https:\/\/www.gitarrentotal.ch\/en\/wp-json\/wp\/v2\/product\/88376","targetHints":{"allow":["GET"]}}],"collection":[{"href":"https:\/\/www.gitarrentotal.ch\/en\/wp-json\/wp\/v2\/product"}],"about":[{"href":"https:\/\/www.gitarrentotal.ch\/en\/wp-json\/wp\/v2\/types\/product"}],"replies":[{"embeddable":true,"href":"https:\/\/www.gitarrentotal.ch\/en\/wp-json\/wp\/v2\/comments?post=88376"}],"wp:featuredmedia":[{"embeddable":true,"href":"https:\/\/www.gitarrentotal.ch\/en\/wp-json\/wp\/v2\/media\/77358"}],"wp:attachment":[{"href":"https:\/\/www.gitarrentotal.ch\/en\/wp-json\/wp\/v2\/media?parent=88376"}],"wp:term":[{"taxonomy":"product_brand","embeddable":true,"href":"https:\/\/www.gitarrentotal.ch\/en\/wp-json\/wp\/v2\/product_brand?post=88376"},{"taxonomy":"product_cat","embeddable":true,"href":"https:\/\/www.gitarrentotal.ch\/en\/wp-json\/wp\/v2\/product_cat?post=88376"},{"taxonomy":"product_tag","embeddable":true,"href":"https:\/\/www.gitarrentotal.ch\/en\/wp-json\/wp\/v2\/product_tag?post=88376"}],"curies":[{"name":"wp","href":"https:\/\/api.w.org\/{rel}","templated":true}]}}